
{"id":731,"date":"2025-08-02T23:54:50","date_gmt":"2025-08-02T21:54:50","guid":{"rendered":"https:\/\/cmaechecs.com\/?page_id=731"},"modified":"2025-08-12T14:22:49","modified_gmt":"2025-08-12T12:22:49","slug":"contact","status":"publish","type":"page","link":"https:\/\/cmaechecs.com\/index.php\/contact\/","title":{"rendered":"Contact"},"content":{"rendered":"\n<p><\/p>\n\n\n\n<pre class=\"wp-block-preformatted\"><strong>Adresse<\/strong><br><em>CMA Echecs<\/em><br>135\/153 rue Danielle Casanova <br>93300 AUBERVILLIERS<br><br><strong>T\u00e9l\u00e9phone fixe<\/strong><br>+33 1 48 34 46 09<br>ou<br>+33 9 84 01 33 36<br><br><strong>T\u00e9l\u00e9phone portable<\/strong><br>+33 6 38 90 88 38<br><br><strong>Courriel<\/strong><br>contact@cmaechecs.com<br>cma_echecs@outlook.fr<br><\/pre>\n\n\n\n<figure class=\"wp-block-image size-full\"><img loading=\"lazy\" decoding=\"async\" width=\"595\" height=\"591\" src=\"https:\/\/cmaechecs.com\/wp-content\/uploads\/2025\/08\/153_Danielle_Casanova.jpg\" alt=\"\" class=\"wp-image-749\" srcset=\"https:\/\/cmaechecs.com\/wp-content\/uploads\/2025\/08\/153_Danielle_Casanova.jpg 595w, https:\/\/cmaechecs.com\/wp-content\/uploads\/2025\/08\/153_Danielle_Casanova-300x298.jpg 300w, https:\/\/cmaechecs.com\/wp-content\/uploads\/2025\/08\/153_Danielle_Casanova-150x150.jpg 150w\" sizes=\"auto, (max-width: 595px) 100vw, 595px\" \/><\/figure>\n\n\n<p>&nbsp;<\/p>\n<p><strong>Un club accessible en transports en communs&nbsp;<\/strong><\/p>\n<p>La salle de jeu est situ\u00e9e au 153 rue Danielle Casanova, \u00e0 8 minutes \u00e0 pied du m\u00e9tro Fort d&rsquo;Aubervilliers (ligne7).<\/p>\n<p>A quelques pas du club, il y a un arr\u00eat de Bus. Lignes 173 et 250, station Balzac.&nbsp;<\/p>\n<p>&nbsp;<\/p>\n<p><strong>Parking du 135\/153 rue Danielle Casanova<\/strong><\/p>\n<p>Places de stationnement non num\u00e9rot\u00e9es mises \u00e0 la disposition des visiteurs.<\/p>","protected":false},"excerpt":{"rendered":"<p>AdresseCMA Echecs135\/153 rue Danielle Casanova 93300 AUBERVILLIERST\u00e9l\u00e9phone fixe+33 1 48 34 46 09ou+33 9 84 01 33 36T\u00e9l\u00e9phone portable+33 6 38 90 88 38Courrielcontact@cmaechecs.comcma_echecs@outlook.fr &nbsp; Un club accessible en transports en communs&nbsp; La salle de jeu est situ\u00e9e au 153 rue Danielle Casanova, \u00e0 8 minutes \u00e0 pied du m\u00e9tro Fort d&rsquo;Aubervilliers (ligne7). A quelques [&hellip;]<\/p>\n","protected":false},"author":1,"featured_media":0,"parent":0,"menu_order":0,"comment_status":"closed","ping_status":"closed","template":"","meta":{"ngg_post_thumbnail":0,"footnotes":""},"class_list":["post-731","page","type-page","status-publish","hentry"],"_links":{"self":[{"href":"https:\/\/cmaechecs.com\/index.php\/wp-json\/wp\/v2\/pages\/731","targetHints":{"allow":["GET"]}}],"collection":[{"href":"https:\/\/cmaechecs.com\/index.php\/wp-json\/wp\/v2\/pages"}],"about":[{"href":"https:\/\/cmaechecs.com\/index.php\/wp-json\/wp\/v2\/types\/page"}],"author":[{"embeddable":true,"href":"https:\/\/cmaechecs.com\/index.php\/wp-json\/wp\/v2\/users\/1"}],"replies":[{"embeddable":true,"href":"https:\/\/cmaechecs.com\/index.php\/wp-json\/wp\/v2\/comments?post=731"}],"version-history":[{"count":16,"href":"https:\/\/cmaechecs.com\/index.php\/wp-json\/wp\/v2\/pages\/731\/revisions"}],"predecessor-version":[{"id":1134,"href":"https:\/\/cmaechecs.com\/index.php\/wp-json\/wp\/v2\/pages\/731\/revisions\/1134"}],"wp:attachment":[{"href":"https:\/\/cmaechecs.com\/index.php\/wp-json\/wp\/v2\/media?parent=731"}],"curies":[{"name":"wp","href":"https:\/\/api.w.org\/{rel}","templated":true}]}}