
{"id":735,"date":"2025-08-03T01:07:02","date_gmt":"2025-08-02T23:07:02","guid":{"rendered":"https:\/\/cmaechecs.com\/?page_id=735"},"modified":"2025-08-03T10:14:00","modified_gmt":"2025-08-03T08:14:00","slug":"mentions-legales","status":"publish","type":"page","link":"https:\/\/cmaechecs.com\/index.php\/mentions-legales\/","title":{"rendered":"Mentions l\u00e9gales"},"content":{"rendered":"\n<pre class=\"wp-block-preformatted\"><strong>Editeur du site<\/strong><br>Club Municipal d'Aubervilliers Echecs<br><br><strong>Si\u00e8ge social<\/strong><br>Direction des Sports<br>180 rue Andr\u00e9 Karman<br>93300 AUBERVILLIERS<br>T\u00e9l\u00e9phone : +33 1 43 52 22 42<br>Identifiant SIREN : 797 619 079<br>Identifiant SIRET du si\u00e8ge : 797 619 079 00024<br><br><strong>Responsable de la publication<\/strong><br>Fred Marival, Pr\u00e9sident du CMA Echecs<br><br><strong>H\u00e9bergement du site<\/strong> <br>OVH Groupe SA  <br>2 rue Kellermann <br>59100 ROUBAIX<br>T\u00e9l\u00e9phone : +33 9 72 10 10 07<br>https:\/\/www.ovhcloud.com\/fr\/<br><br><strong>Propri\u00e9t\u00e9 intellectuelle<\/strong><br>Le contenu du site https:\/\/cmaechecs.com, incluant, sans s\u2019y limiter, les textes, images, logos, vid\u00e9os et autres \u00e9l\u00e9ments, est la propri\u00e9t\u00e9 exclusive de l\u2019association CMA Echecs ou de ses partenaires, sauf mention contraire. Toute reproduction, distribution ou modification du contenu sans l\u2019autorisation expresse de l\u2019association CMA Echecs est interdite.<br><br><strong>Protection des donn\u00e9es personnelles<\/strong> <br>Conform\u00e9ment au R\u00e8glement G\u00e9n\u00e9ral sur la Protection des Donn\u00e9es (RGPD) et \u00e0 la loi Informatique et Libert\u00e9s, vous disposez d\u2019un droit d\u2019acc\u00e8s, de rectification, de suppression, de limitation et de portabilit\u00e9 des donn\u00e9es vous concernant. Pour exercer ces droits, veuillez contacter l\u2019association CMA Echecs \u00e0 l\u2019adresse cma_echecs@outlook.fr ou par courrier \u00e0 l\u2019adresse Direction des Sports 180 rue Andr\u00e9 Karman 93300 AUBERVILLIERS.<br><br><strong>Cookies<\/strong> <br>Le site cmaechecs.com utilise des cookies pour am\u00e9liorer l\u2019exp\u00e9rience utilisateur et r\u00e9aliser des statistiques de visite. En naviguant sur ce site, vous acceptez l\u2019utilisation de ces cookies.<br><\/pre>\n\n\n\n<p><\/p>\n","protected":false},"excerpt":{"rendered":"<p>Editeur du siteClub Municipal d&rsquo;Aubervilliers EchecsSi\u00e8ge socialDirection des Sports180 rue Andr\u00e9 Karman93300 AUBERVILLIERST\u00e9l\u00e9phone : +33 1 43 52 22 42Identifiant SIREN : 797 619 079Identifiant SIRET du si\u00e8ge : 797 619 079 00024Responsable de la publicationFred Marival, Pr\u00e9sident du CMA EchecsH\u00e9bergement du site OVH Groupe SA 2 rue Kellermann 59100 ROUBAIXT\u00e9l\u00e9phone : +33 9 72 [&hellip;]<\/p>\n","protected":false},"author":1,"featured_media":0,"parent":0,"menu_order":0,"comment_status":"closed","ping_status":"closed","template":"","meta":{"ngg_post_thumbnail":0,"footnotes":""},"class_list":["post-735","page","type-page","status-publish","hentry"],"_links":{"self":[{"href":"https:\/\/cmaechecs.com\/index.php\/wp-json\/wp\/v2\/pages\/735","targetHints":{"allow":["GET"]}}],"collection":[{"href":"https:\/\/cmaechecs.com\/index.php\/wp-json\/wp\/v2\/pages"}],"about":[{"href":"https:\/\/cmaechecs.com\/index.php\/wp-json\/wp\/v2\/types\/page"}],"author":[{"embeddable":true,"href":"https:\/\/cmaechecs.com\/index.php\/wp-json\/wp\/v2\/users\/1"}],"replies":[{"embeddable":true,"href":"https:\/\/cmaechecs.com\/index.php\/wp-json\/wp\/v2\/comments?post=735"}],"version-history":[{"count":1,"href":"https:\/\/cmaechecs.com\/index.php\/wp-json\/wp\/v2\/pages\/735\/revisions"}],"predecessor-version":[{"id":736,"href":"https:\/\/cmaechecs.com\/index.php\/wp-json\/wp\/v2\/pages\/735\/revisions\/736"}],"wp:attachment":[{"href":"https:\/\/cmaechecs.com\/index.php\/wp-json\/wp\/v2\/media?parent=735"}],"curies":[{"name":"wp","href":"https:\/\/api.w.org\/{rel}","templated":true}]}}