
{"id":763,"date":"2025-08-03T13:25:11","date_gmt":"2025-08-03T11:25:11","guid":{"rendered":"https:\/\/cmaechecs.com\/?page_id=763"},"modified":"2025-10-02T13:18:45","modified_gmt":"2025-10-02T11:18:45","slug":"horaires","status":"publish","type":"page","link":"https:\/\/cmaechecs.com\/index.php\/horaires\/","title":{"rendered":"Horaires"},"content":{"rendered":"\n<figure class=\"wp-block-table\"><table class=\"has-fixed-layout\"><tbody><tr><td><\/td><td><strong>Jeunes<\/strong><\/td><td><strong>Adultes<\/strong><\/td><td><strong>Activit\u00e9s<\/strong><\/td><\/tr><tr><td><strong>Mardi<\/strong><\/td><td>18h00 &#8211; 20h00<\/td><td>18h00 &#8211; 22h00<\/td><td>Cours.<br>Parties amicales.<br>Tournoi de parties rapides ou blitz.<\/td><\/tr><tr><td><strong>Mercredi<\/strong><\/td><td>14h30 &#8211; 16h00 (d\u00e9butants)<br>16h00 &#8211; 17h30 (joueurs exp\u00e9riment\u00e9s)<\/td><td><\/td><td>Cours pour enfants dispens\u00e9s par l&rsquo;animateur David Fabbro.<\/td><\/tr><tr><td><strong>Vendredi<\/strong><\/td><td>18h00 &#8211; 20h00<\/td><td>18h00 &#8211; 22h00<\/td><td>Cours.<br>Parties amicales.<br>Tournoi de parties rapides ou blitz.<\/td><\/tr><tr><td><strong>Samedi<\/strong><\/td><td>13h00 &#8211; 20h00<\/td><td>13h00 &#8211; 21h00<\/td><td>Comp\u00e9titions.<\/td><\/tr><tr><td><strong>Dimanche<\/strong><\/td><td>13h00 &#8211; 20h00<\/td><td>13h00 &#8211; 21h00<\/td><td>Comp\u00e9titions.<\/td><\/tr><\/tbody><\/table><\/figure>\n\n\n\n<p><\/p>\n","protected":false},"excerpt":{"rendered":"<p>Jeunes Adultes Activit\u00e9s Mardi 18h00 &#8211; 20h00 18h00 &#8211; 22h00 Cours.Parties amicales.Tournoi de parties rapides ou blitz. Mercredi 14h30 &#8211; 16h00 (d\u00e9butants)16h00 &#8211; 17h30 (joueurs exp\u00e9riment\u00e9s) Cours pour enfants dispens\u00e9s par l&rsquo;animateur David Fabbro. Vendredi 18h00 &#8211; 20h00 18h00 &#8211; 22h00 Cours.Parties amicales.Tournoi de parties rapides ou blitz. Samedi 13h00 &#8211; 20h00 13h00 &#8211; 21h00 [&hellip;]<\/p>\n","protected":false},"author":1,"featured_media":0,"parent":0,"menu_order":0,"comment_status":"closed","ping_status":"closed","template":"","meta":{"ngg_post_thumbnail":0,"footnotes":""},"class_list":["post-763","page","type-page","status-publish","hentry"],"_links":{"self":[{"href":"https:\/\/cmaechecs.com\/index.php\/wp-json\/wp\/v2\/pages\/763","targetHints":{"allow":["GET"]}}],"collection":[{"href":"https:\/\/cmaechecs.com\/index.php\/wp-json\/wp\/v2\/pages"}],"about":[{"href":"https:\/\/cmaechecs.com\/index.php\/wp-json\/wp\/v2\/types\/page"}],"author":[{"embeddable":true,"href":"https:\/\/cmaechecs.com\/index.php\/wp-json\/wp\/v2\/users\/1"}],"replies":[{"embeddable":true,"href":"https:\/\/cmaechecs.com\/index.php\/wp-json\/wp\/v2\/comments?post=763"}],"version-history":[{"count":3,"href":"https:\/\/cmaechecs.com\/index.php\/wp-json\/wp\/v2\/pages\/763\/revisions"}],"predecessor-version":[{"id":1508,"href":"https:\/\/cmaechecs.com\/index.php\/wp-json\/wp\/v2\/pages\/763\/revisions\/1508"}],"wp:attachment":[{"href":"https:\/\/cmaechecs.com\/index.php\/wp-json\/wp\/v2\/media?parent=763"}],"curies":[{"name":"wp","href":"https:\/\/api.w.org\/{rel}","templated":true}]}}