
{"id":784,"date":"2025-08-03T21:27:01","date_gmt":"2025-08-03T19:27:01","guid":{"rendered":"https:\/\/cmaechecs.com\/?page_id=784"},"modified":"2025-08-10T17:01:57","modified_gmt":"2025-08-10T15:01:57","slug":"accueil","status":"publish","type":"page","link":"https:\/\/cmaechecs.com\/index.php\/accueil\/","title":{"rendered":"Accueil"},"content":{"rendered":"\n<p>Chers lecteurs, chers amis \u00e9ch\u00e9philes,<\/p>\n\n\n\n<p>Avant d\u2019aborder ma chronique, permettez-moi de vous souhaiter la bienvenue sur le site internet du <em>CMA Echecs<\/em>.<\/p>\n\n\n\n<p>Le jeu d\u2019\u00e9checs est apparu en Inde, entre le 3<sup>e<\/sup>&nbsp;et le 6<sup>e<\/sup>&nbsp;si\u00e8cle de notre \u00e8re, puis est pass\u00e9 par la Perse avant de continuer son voyage vers l\u2019ouest par le biais des conqu\u00eates arabes. D\u2019ailleurs, l\u2019expression \u00ab&nbsp;\u00e9chec et mat&nbsp;\u00bb est une transcription du persan&nbsp;<em>shah mat<\/em>&nbsp;signifiant \u00ab&nbsp;le roi est mort&nbsp;\u00bb. &nbsp;Au cours de cette longue p\u00e9riode, les r\u00e8gles du jeu se sont modifi\u00e9es, les pi\u00e8ces ont chang\u00e9 de nom et les cases de couleurs. N\u00e9anmoins Roi, Dame, Fou, Cavalier, Tour et pion portent encore les multiples symboliques qui se sont attach\u00e9es \u00e0 leur pas au fil de l\u2019histoire, lesquelles ont inspir\u00e9 nombre d\u2019\u00e9crivains, d\u2019artistes et de sportifs.<\/p>\n\n\n\n<p>En tant que discipline sportive, nous d\u00e9plorons que le jeu d\u2019\u00e9checs n\u2019ait jamais pu int\u00e9grer les \u00e9preuves des jeux olympiques&nbsp;; pourtant, il en a fallu de peu puisqu\u2019en juillet 1924, n\u2019ayant pas pu se faire admettre aux jeux olympiques d\u2019\u00e9t\u00e9 de Paris, officiellement nomm\u00e9s \u00ab&nbsp;Jeu de la VIII<sup>e<\/sup>&nbsp;Olympiade&nbsp;\u00bb, les amoureux du noble jeu ont organis\u00e9 une officieuse Olympiade d\u2019\u00e9checs. L\u2019effort mental exig\u00e9 par le jeu d\u2019\u00e9checs est ind\u00e9niable, mais certains pensent encore, \u00e0 tort, que le&nbsp;manque d\u2019activit\u00e9 physique&nbsp;le rend moins adapt\u00e9 \u00e0 la sc\u00e8ne olympique. Il n\u2019emp\u00eache que lors du Championnat du monde d\u2019\u00e9checs 1984, annul\u00e9 apr\u00e8s cinq mois et 48 parties, le champion en titre Anatoly Karpov a perdu 10 kilos&nbsp;; dans le m\u00eame ordre d\u2019id\u00e9e, en 2018, une entreprise am\u00e9ricaine, Polar, qui analyse les fr\u00e9quences cardiaques a constat\u00e9 qu\u2019un grand ma\u00eetre russe, Mikhail Antipov, a br\u00fbl\u00e9 560 calories en deux heures de jeu d\u2019\u00e9checs.&nbsp;<\/p>\n\n\n\n<p>De nos jours, ce jeu traditionnel, auparavant ringard, est devenu tendance \u00e0 la faveur des confinements successifs, li\u00e9s \u00e0 la pand\u00e9mie du Covid 19, et de sa m\u00e9diatisation.&nbsp;C\u2019est donc une excellente nouvelle pour le jeu d\u2019\u00e9checs, une discipline passionnante qui d\u00e9veloppe des comp\u00e9tences multiples, telles que la m\u00e9moire, le raisonnement logique, la capacit\u00e9 d\u2019abstraction, l\u2019analyse de probl\u00e8me et la mise en \u0153uvre de strat\u00e9gies de r\u00e9solution. Le jeu d\u2019\u00e9checs s\u2019apprend et se pratique d\u00e8s le plus jeune \u00e2ge.&nbsp;<\/p>\n\n\n\n<p>Ce portail qui est avant tout le v\u00f4tre, vous pr\u00e9sentera les \u00e9l\u00e9ments essentiels sur le jeu d\u2019\u00e9checs, sur les activit\u00e9s du <em>CMA Echecs<\/em>, mais aussi sur l\u2019actualit\u00e9 \u00e9chiqu\u00e9enne tout court.<\/p>\n\n\n\n<p>Bonne visite.<\/p>\n\n\n\n<p>&nbsp;&nbsp;&nbsp;&nbsp;&nbsp;&nbsp;&nbsp;&nbsp;&nbsp;&nbsp;&nbsp;&nbsp;&nbsp;&nbsp;&nbsp;&nbsp;&nbsp;&nbsp;&nbsp;&nbsp;&nbsp;&nbsp;&nbsp;&nbsp;&nbsp;&nbsp;&nbsp;&nbsp;&nbsp;&nbsp;&nbsp;&nbsp;&nbsp;&nbsp;&nbsp;&nbsp;&nbsp;&nbsp;&nbsp;&nbsp;&nbsp;&nbsp;&nbsp;&nbsp;&nbsp;&nbsp;&nbsp;&nbsp;&nbsp;&nbsp;&nbsp;&nbsp;&nbsp;&nbsp;&nbsp;&nbsp;&nbsp;&nbsp;&nbsp;&nbsp;&nbsp;&nbsp;&nbsp;&nbsp;&nbsp;&nbsp;&nbsp;&nbsp;&nbsp;&nbsp;&nbsp;&nbsp;&nbsp;&nbsp;&nbsp;&nbsp;&nbsp;&nbsp;&nbsp;&nbsp;&nbsp;&nbsp;&nbsp;&nbsp;&nbsp;&nbsp;&nbsp;&nbsp;&nbsp;&nbsp;&nbsp;&nbsp;&nbsp;&nbsp;&nbsp;&nbsp;&nbsp;&nbsp;&nbsp; Fred MARIVAL<\/p>\n\n\n\n<p><\/p>\n","protected":false},"excerpt":{"rendered":"<p>Chers lecteurs, chers amis \u00e9ch\u00e9philes, Avant d\u2019aborder ma chronique, permettez-moi de vous souhaiter la bienvenue sur le site internet du CMA Echecs. Le jeu d\u2019\u00e9checs est apparu en Inde, entre le 3e&nbsp;et le 6e&nbsp;si\u00e8cle de notre \u00e8re, puis est pass\u00e9 par la Perse avant de continuer son voyage vers l\u2019ouest par le biais des conqu\u00eates [&hellip;]<\/p>\n","protected":false},"author":1,"featured_media":0,"parent":0,"menu_order":0,"comment_status":"closed","ping_status":"closed","template":"","meta":{"ngg_post_thumbnail":0,"footnotes":""},"class_list":["post-784","page","type-page","status-publish","hentry"],"_links":{"self":[{"href":"https:\/\/cmaechecs.com\/index.php\/wp-json\/wp\/v2\/pages\/784","targetHints":{"allow":["GET"]}}],"collection":[{"href":"https:\/\/cmaechecs.com\/index.php\/wp-json\/wp\/v2\/pages"}],"about":[{"href":"https:\/\/cmaechecs.com\/index.php\/wp-json\/wp\/v2\/types\/page"}],"author":[{"embeddable":true,"href":"https:\/\/cmaechecs.com\/index.php\/wp-json\/wp\/v2\/users\/1"}],"replies":[{"embeddable":true,"href":"https:\/\/cmaechecs.com\/index.php\/wp-json\/wp\/v2\/comments?post=784"}],"version-history":[{"count":2,"href":"https:\/\/cmaechecs.com\/index.php\/wp-json\/wp\/v2\/pages\/784\/revisions"}],"predecessor-version":[{"id":1116,"href":"https:\/\/cmaechecs.com\/index.php\/wp-json\/wp\/v2\/pages\/784\/revisions\/1116"}],"wp:attachment":[{"href":"https:\/\/cmaechecs.com\/index.php\/wp-json\/wp\/v2\/media?parent=784"}],"curies":[{"name":"wp","href":"https:\/\/api.w.org\/{rel}","templated":true}]}}